{"id":13256,"date":"2023-12-06T12:19:08","date_gmt":"2023-12-06T11:19:08","guid":{"rendered":"https:\/\/laclandestina.shop\/?post_type=product&#038;p=13256"},"modified":"2026-04-14T09:37:08","modified_gmt":"2026-04-14T07:37:08","slug":"adidas-especial-simpson","status":"publish","type":"product","link":"https:\/\/laclandestina.shop\/index.php\/producto\/adidas-especial-simpson\/","title":{"rendered":"Adidas Forum Edici\u00f3n Simpson"},"content":{"rendered":"<div style=\"width: 576px;\" class=\"wp-video\"><video class=\"wp-video-shortcode\" id=\"video-13256-1\" width=\"576\" height=\"1024\" preload=\"metadata\" controls=\"controls\"><source type=\"video\/mp4\" src=\"https:\/\/laclandestina.shop\/wp-content\/uploads\/2023\/12\/WhatsApp-Video-2026-01-25-at-20.46.09.mp4?_=1\" \/><a href=\"https:\/\/laclandestina.shop\/wp-content\/uploads\/2023\/12\/WhatsApp-Video-2026-01-25-at-20.46.09.mp4\">https:\/\/laclandestina.shop\/wp-content\/uploads\/2023\/12\/WhatsApp-Video-2026-01-25-at-20.46.09.mp4<\/a><\/video><\/div>\n","protected":false},"excerpt":{"rendered":"<p>El sal\u00f3n de Los Simpson, en tus pi\u00e9s!!!<\/p>\n<p>Agotadas en casi todas las tiendas y las que las tienen valen m\u00e1s que un alquiler, pero no te preocupes, pasa de precios super inflados, nosotros las tenemos disponibles directas de f\u00e1brica.<\/p>\n<p>QUE NO TE ESTAFEN<\/p>\n","protected":false},"featured_media":13534,"comment_status":"open","ping_status":"closed","template":"","meta":{"_uag_custom_page_level_css":"","site-sidebar-layout":"default","site-content-layout":"","ast-site-content-layout":"default","site-content-style":"default","site-sidebar-style":"default","ast-global-header-display":"","ast-banner-title-visibility":"","ast-main-header-display":"","ast-hfb-above-header-display":"","ast-hfb-below-header-display":"","ast-hfb-mobile-header-display":"","site-post-title":"","ast-breadcrumbs-content":"","ast-featured-img":"","footer-sml-layout":"","ast-disable-related-posts":"","theme-transparent-header-meta":"default","adv-header-id-meta":"","stick-header-meta":"","header-above-stick-meta":"","header-main-stick-meta":"","header-below-stick-meta":"","astra-migrate-meta-layouts":"set","ast-page-background-enabled":"default","ast-page-background-meta":{"desktop":{"background-color":"","background-image":"","background-repeat":"repeat","background-position":"center center","background-size":"auto","background-attachment":"scroll","background-type":"","background-media":"","overlay-type":"","overlay-color":"","overlay-opacity":"","overlay-gradient":""},"tablet":{"background-color":"","background-image":"","background-repeat":"repeat","background-position":"center center","background-size":"auto","background-attachment":"scroll","background-type":"","background-media":"","overlay-type":"","overlay-color":"","overlay-opacity":"","overlay-gradient":""},"mobile":{"background-color":"","background-image":"","background-repeat":"repeat","background-position":"center center","background-size":"auto","background-attachment":"scroll","background-type":"","background-media":"","overlay-type":"","overlay-color":"","overlay-opacity":"","overlay-gradient":""}},"ast-content-background-meta":{"desktop":{"background-color":"var(--ast-global-color-5)","background-image":"","background-repeat":"repeat","background-position":"center center","background-size":"auto","background-attachment":"scroll","background-type":"","background-media":"","overlay-type":"","overlay-color":"","overlay-opacity":"","overlay-gradient":""},"tablet":{"background-color":"var(--ast-global-color-5)","background-image":"","background-repeat":"repeat","background-position":"center center","background-size":"auto","background-attachment":"scroll","background-type":"","background-media":"","overlay-type":"","overlay-color":"","overlay-opacity":"","overlay-gradient":""},"mobile":{"background-color":"var(--ast-global-color-5)","background-image":"","background-repeat":"repeat","background-position":"center center","background-size":"auto","background-attachment":"scroll","background-type":"","background-media":"","overlay-type":"","overlay-color":"","overlay-opacity":"","overlay-gradient":""}}},"product_brand":[],"product_cat":[119],"product_tag":[],"class_list":{"0":"post-13256","1":"product","2":"type-product","3":"status-publish","4":"has-post-thumbnail","6":"product_cat-zapatillas","7":"pa_numero-115","8":"pa_numero-104","9":"pa_numero-105","10":"pa_numero-106","11":"pa_numero-107","12":"pa_numero-108","13":"pa_numero-109","14":"pa_numero-110","15":"pa_numero-111","16":"desktop-align-left","17":"tablet-align-left","18":"mobile-align-left","20":"first","21":"instock","22":"sold-individually","23":"shipping-taxable","24":"purchasable","25":"product-type-variable"},"yoast_head":"<!-- This site is optimized with the Yoast SEO plugin v27.3 - https:\/\/yoast.com\/product\/yoast-seo-wordpress\/ -->\n<title>Adidas Forum Edici\u00f3n Simpson - LaClandestina.Shop<\/title>\n<meta name=\"description\" content=\"A\u00f1ade un toque del mism\u00edsimo Springfield a tus pasos con esta versi\u00f3n de las Adidas Forum. Agotadas en casi todas las tiendas y las que las tienen valen m\u00e1s que un alquiler, pero no te preocupes, pasa de precios super inflados, nosotros las tenemos disponibles directas de f\u00e1brica.\" \/>\n<meta name=\"robots\" content=\"index, follow, max-snippet:-1, max-image-preview:large, max-video-preview:-1\" \/>\n<link rel=\"canonical\" href=\"https:\/\/laclandestina.shop\/index.php\/producto\/adidas-especial-simpson\/\" \/>\n<meta property=\"og:locale\" content=\"es_ES\" \/>\n<meta property=\"og:type\" content=\"article\" \/>\n<meta property=\"og:title\" content=\"Adidas Forum Edici\u00f3n Simpson - LaClandestina.Shop\" \/>\n<meta property=\"og:description\" content=\"A\u00f1ade un toque del mism\u00edsimo Springfield a tus pasos con esta versi\u00f3n de las Adidas Forum. Agotadas en casi todas las tiendas y las que las tienen valen m\u00e1s que un alquiler, pero no te preocupes, pasa de precios super inflados, nosotros las tenemos disponibles directas de f\u00e1brica.\" \/>\n<meta property=\"og:url\" content=\"https:\/\/laclandestina.shop\/index.php\/producto\/adidas-especial-simpson\/\" \/>\n<meta property=\"og:site_name\" content=\"LaClandestina.Shop\" \/>\n<meta property=\"article:modified_time\" content=\"2026-04-14T07:37:08+00:00\" \/>\n<meta property=\"og:image\" content=\"https:\/\/laclandestina.shop\/wp-content\/uploads\/2023\/12\/imagen_2023-12-21_230239232.png\" \/>\n\t<meta property=\"og:image:width\" content=\"716\" \/>\n\t<meta property=\"og:image:height\" content=\"716\" \/>\n\t<meta property=\"og:image:type\" content=\"image\/png\" \/>\n<meta name=\"twitter:card\" content=\"summary_large_image\" \/>\n<meta name=\"twitter:label1\" content=\"Tiempo de lectura\" \/>\n\t<meta name=\"twitter:data1\" content=\"1 minuto\" \/>\n<script type=\"application\/ld+json\" class=\"yoast-schema-graph\">{\"@context\":\"https:\\\/\\\/schema.org\",\"@graph\":[{\"@type\":\"WebPage\",\"@id\":\"https:\\\/\\\/laclandestina.shop\\\/index.php\\\/producto\\\/adidas-especial-simpson\\\/\",\"url\":\"https:\\\/\\\/laclandestina.shop\\\/index.php\\\/producto\\\/adidas-especial-simpson\\\/\",\"name\":\"Adidas Forum Edici\u00f3n Simpson - LaClandestina.Shop\",\"isPartOf\":{\"@id\":\"https:\\\/\\\/laclandestina.shop\\\/#website\"},\"primaryImageOfPage\":{\"@id\":\"https:\\\/\\\/laclandestina.shop\\\/index.php\\\/producto\\\/adidas-especial-simpson\\\/#primaryimage\"},\"image\":{\"@id\":\"https:\\\/\\\/laclandestina.shop\\\/index.php\\\/producto\\\/adidas-especial-simpson\\\/#primaryimage\"},\"thumbnailUrl\":\"https:\\\/\\\/laclandestina.shop\\\/wp-content\\\/uploads\\\/2023\\\/12\\\/imagen_2023-12-21_230239232.png\",\"datePublished\":\"2023-12-06T11:19:08+00:00\",\"dateModified\":\"2026-04-14T07:37:08+00:00\",\"description\":\"A\u00f1ade un toque del mism\u00edsimo Springfield a tus pasos con esta versi\u00f3n de las Adidas Forum. Agotadas en casi todas las tiendas y las que las tienen valen m\u00e1s que un alquiler, pero no te preocupes, pasa de precios super inflados, nosotros las tenemos disponibles directas de f\u00e1brica.\",\"breadcrumb\":{\"@id\":\"https:\\\/\\\/laclandestina.shop\\\/index.php\\\/producto\\\/adidas-especial-simpson\\\/#breadcrumb\"},\"inLanguage\":\"es\",\"potentialAction\":[{\"@type\":\"ReadAction\",\"target\":[\"https:\\\/\\\/laclandestina.shop\\\/index.php\\\/producto\\\/adidas-especial-simpson\\\/\"]}]},{\"@type\":\"ImageObject\",\"inLanguage\":\"es\",\"@id\":\"https:\\\/\\\/laclandestina.shop\\\/index.php\\\/producto\\\/adidas-especial-simpson\\\/#primaryimage\",\"url\":\"https:\\\/\\\/laclandestina.shop\\\/wp-content\\\/uploads\\\/2023\\\/12\\\/imagen_2023-12-21_230239232.png\",\"contentUrl\":\"https:\\\/\\\/laclandestina.shop\\\/wp-content\\\/uploads\\\/2023\\\/12\\\/imagen_2023-12-21_230239232.png\",\"width\":716,\"height\":716},{\"@type\":\"BreadcrumbList\",\"@id\":\"https:\\\/\\\/laclandestina.shop\\\/index.php\\\/producto\\\/adidas-especial-simpson\\\/#breadcrumb\",\"itemListElement\":[{\"@type\":\"ListItem\",\"position\":1,\"name\":\"Portada\",\"item\":\"https:\\\/\\\/laclandestina.shop\\\/\"},{\"@type\":\"ListItem\",\"position\":2,\"name\":\"Tienda\",\"item\":\"https:\\\/\\\/laclandestina.shop\\\/index.php\\\/tienda\\\/\"},{\"@type\":\"ListItem\",\"position\":3,\"name\":\"Adidas Forum Edici\u00f3n Simpson\"}]},{\"@type\":\"WebSite\",\"@id\":\"https:\\\/\\\/laclandestina.shop\\\/#website\",\"url\":\"https:\\\/\\\/laclandestina.shop\\\/\",\"name\":\"LaClandestina.Shop\",\"description\":\"Zapatillas y Ropa de Marca\",\"publisher\":{\"@id\":\"https:\\\/\\\/laclandestina.shop\\\/#organization\"},\"potentialAction\":[{\"@type\":\"SearchAction\",\"target\":{\"@type\":\"EntryPoint\",\"urlTemplate\":\"https:\\\/\\\/laclandestina.shop\\\/?s={search_term_string}\"},\"query-input\":{\"@type\":\"PropertyValueSpecification\",\"valueRequired\":true,\"valueName\":\"search_term_string\"}}],\"inLanguage\":\"es\"},{\"@type\":\"Organization\",\"@id\":\"https:\\\/\\\/laclandestina.shop\\\/#organization\",\"name\":\"LaClandestina.Shop\",\"url\":\"https:\\\/\\\/laclandestina.shop\\\/\",\"logo\":{\"@type\":\"ImageObject\",\"inLanguage\":\"es\",\"@id\":\"https:\\\/\\\/laclandestina.shop\\\/#\\\/schema\\\/logo\\\/image\\\/\",\"url\":\"https:\\\/\\\/laclandestina.shop\\\/wp-content\\\/uploads\\\/2024\\\/03\\\/cropped-laclandestina.shop1_.png\",\"contentUrl\":\"https:\\\/\\\/laclandestina.shop\\\/wp-content\\\/uploads\\\/2024\\\/03\\\/cropped-laclandestina.shop1_.png\",\"width\":512,\"height\":512,\"caption\":\"LaClandestina.Shop\"},\"image\":{\"@id\":\"https:\\\/\\\/laclandestina.shop\\\/#\\\/schema\\\/logo\\\/image\\\/\"}}]}<\/script>\n<!-- \/ Yoast SEO plugin. -->","yoast_head_json":{"title":"Adidas Forum Edici\u00f3n Simpson - LaClandestina.Shop","description":"A\u00f1ade un toque del mism\u00edsimo Springfield a tus pasos con esta versi\u00f3n de las Adidas Forum. Agotadas en casi todas las tiendas y las que las tienen valen m\u00e1s que un alquiler, pero no te preocupes, pasa de precios super inflados, nosotros las tenemos disponibles directas de f\u00e1brica.","robots":{"index":"index","follow":"follow","max-snippet":"max-snippet:-1","max-image-preview":"max-image-preview:large","max-video-preview":"max-video-preview:-1"},"canonical":"https:\/\/laclandestina.shop\/index.php\/producto\/adidas-especial-simpson\/","og_locale":"es_ES","og_type":"article","og_title":"Adidas Forum Edici\u00f3n Simpson - LaClandestina.Shop","og_description":"A\u00f1ade un toque del mism\u00edsimo Springfield a tus pasos con esta versi\u00f3n de las Adidas Forum. Agotadas en casi todas las tiendas y las que las tienen valen m\u00e1s que un alquiler, pero no te preocupes, pasa de precios super inflados, nosotros las tenemos disponibles directas de f\u00e1brica.","og_url":"https:\/\/laclandestina.shop\/index.php\/producto\/adidas-especial-simpson\/","og_site_name":"LaClandestina.Shop","article_modified_time":"2026-04-14T07:37:08+00:00","og_image":[{"width":716,"height":716,"url":"https:\/\/laclandestina.shop\/wp-content\/uploads\/2023\/12\/imagen_2023-12-21_230239232.png","type":"image\/png"}],"twitter_card":"summary_large_image","twitter_misc":{"Tiempo de lectura":"1 minuto"},"schema":{"@context":"https:\/\/schema.org","@graph":[{"@type":"WebPage","@id":"https:\/\/laclandestina.shop\/index.php\/producto\/adidas-especial-simpson\/","url":"https:\/\/laclandestina.shop\/index.php\/producto\/adidas-especial-simpson\/","name":"Adidas Forum Edici\u00f3n Simpson - LaClandestina.Shop","isPartOf":{"@id":"https:\/\/laclandestina.shop\/#website"},"primaryImageOfPage":{"@id":"https:\/\/laclandestina.shop\/index.php\/producto\/adidas-especial-simpson\/#primaryimage"},"image":{"@id":"https:\/\/laclandestina.shop\/index.php\/producto\/adidas-especial-simpson\/#primaryimage"},"thumbnailUrl":"https:\/\/laclandestina.shop\/wp-content\/uploads\/2023\/12\/imagen_2023-12-21_230239232.png","datePublished":"2023-12-06T11:19:08+00:00","dateModified":"2026-04-14T07:37:08+00:00","description":"A\u00f1ade un toque del mism\u00edsimo Springfield a tus pasos con esta versi\u00f3n de las Adidas Forum. Agotadas en casi todas las tiendas y las que las tienen valen m\u00e1s que un alquiler, pero no te preocupes, pasa de precios super inflados, nosotros las tenemos disponibles directas de f\u00e1brica.","breadcrumb":{"@id":"https:\/\/laclandestina.shop\/index.php\/producto\/adidas-especial-simpson\/#breadcrumb"},"inLanguage":"es","potentialAction":[{"@type":"ReadAction","target":["https:\/\/laclandestina.shop\/index.php\/producto\/adidas-especial-simpson\/"]}]},{"@type":"ImageObject","inLanguage":"es","@id":"https:\/\/laclandestina.shop\/index.php\/producto\/adidas-especial-simpson\/#primaryimage","url":"https:\/\/laclandestina.shop\/wp-content\/uploads\/2023\/12\/imagen_2023-12-21_230239232.png","contentUrl":"https:\/\/laclandestina.shop\/wp-content\/uploads\/2023\/12\/imagen_2023-12-21_230239232.png","width":716,"height":716},{"@type":"BreadcrumbList","@id":"https:\/\/laclandestina.shop\/index.php\/producto\/adidas-especial-simpson\/#breadcrumb","itemListElement":[{"@type":"ListItem","position":1,"name":"Portada","item":"https:\/\/laclandestina.shop\/"},{"@type":"ListItem","position":2,"name":"Tienda","item":"https:\/\/laclandestina.shop\/index.php\/tienda\/"},{"@type":"ListItem","position":3,"name":"Adidas Forum Edici\u00f3n Simpson"}]},{"@type":"WebSite","@id":"https:\/\/laclandestina.shop\/#website","url":"https:\/\/laclandestina.shop\/","name":"LaClandestina.Shop","description":"Zapatillas y Ropa de Marca","publisher":{"@id":"https:\/\/laclandestina.shop\/#organization"},"potentialAction":[{"@type":"SearchAction","target":{"@type":"EntryPoint","urlTemplate":"https:\/\/laclandestina.shop\/?s={search_term_string}"},"query-input":{"@type":"PropertyValueSpecification","valueRequired":true,"valueName":"search_term_string"}}],"inLanguage":"es"},{"@type":"Organization","@id":"https:\/\/laclandestina.shop\/#organization","name":"LaClandestina.Shop","url":"https:\/\/laclandestina.shop\/","logo":{"@type":"ImageObject","inLanguage":"es","@id":"https:\/\/laclandestina.shop\/#\/schema\/logo\/image\/","url":"https:\/\/laclandestina.shop\/wp-content\/uploads\/2024\/03\/cropped-laclandestina.shop1_.png","contentUrl":"https:\/\/laclandestina.shop\/wp-content\/uploads\/2024\/03\/cropped-laclandestina.shop1_.png","width":512,"height":512,"caption":"LaClandestina.Shop"},"image":{"@id":"https:\/\/laclandestina.shop\/#\/schema\/logo\/image\/"}}]}},"uagb_featured_image_src":{"full":["https:\/\/laclandestina.shop\/wp-content\/uploads\/2023\/12\/imagen_2023-12-21_230239232.png",716,716,false],"thumbnail":["https:\/\/laclandestina.shop\/wp-content\/uploads\/2023\/12\/imagen_2023-12-21_230239232.png",150,150,false],"medium":["https:\/\/laclandestina.shop\/wp-content\/uploads\/2023\/12\/imagen_2023-12-21_230239232-300x300.png",300,300,true],"medium_large":["https:\/\/laclandestina.shop\/wp-content\/uploads\/2023\/12\/imagen_2023-12-21_230239232.png",716,716,false],"large":["https:\/\/laclandestina.shop\/wp-content\/uploads\/2023\/12\/imagen_2023-12-21_230239232.png",716,716,false],"1536x1536":["https:\/\/laclandestina.shop\/wp-content\/uploads\/2023\/12\/imagen_2023-12-21_230239232.png",716,716,false],"2048x2048":["https:\/\/laclandestina.shop\/wp-content\/uploads\/2023\/12\/imagen_2023-12-21_230239232.png",716,716,false],"woocommerce_thumbnail":["https:\/\/laclandestina.shop\/wp-content\/uploads\/2023\/12\/imagen_2023-12-21_230239232-300x300.png",300,300,true],"woocommerce_single":["https:\/\/laclandestina.shop\/wp-content\/uploads\/2023\/12\/imagen_2023-12-21_230239232-1000x1000.png",1000,1000,true],"woocommerce_gallery_thumbnail":["https:\/\/laclandestina.shop\/wp-content\/uploads\/2023\/12\/imagen_2023-12-21_230239232-100x100.png",100,100,true],"variation_swatches_image_size":["https:\/\/laclandestina.shop\/wp-content\/uploads\/2023\/12\/imagen_2023-12-21_230239232.png",50,50,false],"variation_swatches_tooltip_size":["https:\/\/laclandestina.shop\/wp-content\/uploads\/2023\/12\/imagen_2023-12-21_230239232.png",100,100,false]},"uagb_author_info":{"display_name":"laclandestina.shop","author_link":"https:\/\/laclandestina.shop\/index.php\/author\/"},"uagb_comment_info":0,"uagb_excerpt":"El sal\u00f3n de Los Simpson, en tus pi\u00e9s!!! Agotadas en casi todas las tiendas y las que las tienen valen m\u00e1s que un alquiler, pero no te preocupes, pasa de precios super inflados, nosotros las tenemos disponibles directas de f\u00e1brica. QUE NO TE ESTAFEN","jetpack_sharing_enabled":true,"_links":{"self":[{"href":"https:\/\/laclandestina.shop\/index.php\/wp-json\/wp\/v2\/product\/13256","targetHints":{"allow":["GET"]}}],"collection":[{"href":"https:\/\/laclandestina.shop\/index.php\/wp-json\/wp\/v2\/product"}],"about":[{"href":"https:\/\/laclandestina.shop\/index.php\/wp-json\/wp\/v2\/types\/product"}],"replies":[{"embeddable":true,"href":"https:\/\/laclandestina.shop\/index.php\/wp-json\/wp\/v2\/comments?post=13256"}],"wp:featuredmedia":[{"embeddable":true,"href":"https:\/\/laclandestina.shop\/index.php\/wp-json\/wp\/v2\/media\/13534"}],"wp:attachment":[{"href":"https:\/\/laclandestina.shop\/index.php\/wp-json\/wp\/v2\/media?parent=13256"}],"wp:term":[{"taxonomy":"product_brand","embeddable":true,"href":"https:\/\/laclandestina.shop\/index.php\/wp-json\/wp\/v2\/product_brand?post=13256"},{"taxonomy":"product_cat","embeddable":true,"href":"https:\/\/laclandestina.shop\/index.php\/wp-json\/wp\/v2\/product_cat?post=13256"},{"taxonomy":"product_tag","embeddable":true,"href":"https:\/\/laclandestina.shop\/index.php\/wp-json\/wp\/v2\/product_tag?post=13256"}],"curies":[{"name":"wp","href":"https:\/\/api.w.org\/{rel}","templated":true}]}}